{"id":1565,"date":"2021-08-13T09:06:50","date_gmt":"2021-08-13T07:06:50","guid":{"rendered":"http:\/\/padamodular.de\/impressum\/"},"modified":"2025-03-21T13:04:19","modified_gmt":"2025-03-21T12:04:19","slug":"impressum","status":"publish","type":"page","link":"https:\/\/pacaradamodularsystems.de\/en\/impressum\/","title":{"rendered":"impressum"},"content":{"rendered":"<div class=\"wpb-content-wrapper\"><p>[vc_row][vc_column width=&#8221;1\/2&#8243;][vc_single_image image=&#8221;75222&#8243; img_size=&#8221;&#8221; css=&#8221;&#8221; el_id=&#8221;logo-imp&#8221;][vc_empty_space height=&#8221;20px&#8221;][vc_column_text]<div style=\"word-wrap: break-word;\"><h1>Impressum<\/h1>\r\n\r\n<p>SHS & P3 GmbH<br \/>\r\nBenzstra\u00dfe 10<br \/>\r\n65779 Kelkheim (Taunus)<\/p>\r\n\r\n<p>Handelsregister: HRB 7341<br \/>\r\nRegistergericht: Amtsgericht K\u00f6nigstein<\/p>\r\n\r\n<p><strong>Vertreten durch:<\/strong><br \/>\r\nErnest Pacarada & Elvir Pacarada<\/p>\r\n\r\n<h2>Kontakt<\/h2>\r\n<p>Telefon: +49 (0) 6195 6774-200<br \/>\r\nTelefax: +49 (0) 6195 6774-190<br \/>\r\nE-Mail: Info@pacaradamodularsystems.de<\/p>\r\n\r\n<h2>Umsatzsteuer-ID<\/h2>\r\n<p>Umsatzsteuer-Identifikationsnummer gem\u00e4\u00df \u00a7 27 a Umsatzsteuergesetz:<br \/>\r\nDE264 087 948<\/p>\r\n\r\n<h2>Verbraucher\u00adstreit\u00adbeilegung\/Universal\u00adschlichtungs\u00adstelle<\/h2>\r\n<p>Wir sind nicht bereit oder verpflichtet, an Streitbeilegungsverfahren vor einer Verbraucherschlichtungsstelle teilzunehmen.<\/p><\/div>[\/vc_column_text][vc_empty_space height=&#8221;20px&#8221;][vc_separator color=&#8221;custom&#8221; align=&#8221;align_left&#8221; el_width=&#8221;30&#8243; accent_color=&#8221;#0b3b5b&#8221;][vc_empty_space height=&#8221;20px&#8221;][vc_column_text]<a href=\"http:\/\/padamodular.de\/datenschutzerklaerung\/\"><strong>Datenschutz<\/strong><\/a>[\/vc_column_text][vc_empty_space height=&#8221;20px&#8221;][vc_separator color=&#8221;custom&#8221; align=&#8221;align_left&#8221; el_width=&#8221;30&#8243; accent_color=&#8221;#0b3b5b&#8221;][\/vc_column][vc_column width=&#8221;1\/2&#8243; css=&#8221;.vc_custom_1628150815952{padding-top: 40px !important;padding-right: 60px !important;padding-bottom: 40px !important;padding-left: 60px !important;background-color: #f6f7f8 !important;}&#8221;][vc_column_text]<\/p>\n<h2 style=\"margin-bottom: 15px;\">Gew\u00e4hrleistungsausschluss<\/h2>\n<p>[\/vc_column_text][vc_column_text]<span style=\"line-height: 32px; font-size: 18px;\">Die Inhalte auf dieser Website werden unter Ausschluss jeglicher Gew\u00e4hrleistung zur Verf\u00fcgung gestellt, insbesondere f\u00fcr deren Richtigkeit, Vollst\u00e4ndigkeit oder deren Geeignetheit f\u00fcr bestimmte Verwendungszwecke sowie bez\u00fcglich der Inhalte f\u00fcr deren Freiheit von Rechten Dritter und die Nichtverletzung geistigen Eigentums. Wir k\u00f6nnen jederzeit ohne vorherige Ank\u00fcndigung \u00c4nderungen am Inhalt dieser Website vornehmen. Wir bem\u00fchen uns um st\u00e4ndige Aktualit\u00e4t, sind jedoch nicht zur Aktualisierung des Inhalts dieser Website verpflichtet. Wir \u00fcbernehmen keine Gew\u00e4hr f\u00fcr Erreichbarkeit, technische Verwertbarkeit und Virenfreiheit der Internetseiten bzw. \u00fcbermittelter Dateien.<\/span>[\/vc_column_text][\/vc_column][\/vc_row]<\/p>\n<\/div>","protected":false},"excerpt":{"rendered":"<p>[vc_row][vc_column width=&#8221;1\/2&#8243;][vc_single_image image=&#8221;75222&#8243; img_size=&#8221;&#8221; css=&#8221;&#8221; el_id=&#8221;logo-imp&#8221;][vc_empty_space height=&#8221;20px&#8221;][vc_column_text][\/vc_column_text][vc_empty_space height=&#8221;20px&#8221;][vc_separator color=&#8221;custom&#8221; align=&#8221;align_left&#8221; el_width=&#8221;30&#8243; accent_color=&#8221;#0b3b5b&#8221;][vc_empty_space height=&#8221;20px&#8221;][vc_column_text]Datenschutz[\/vc_column_text][vc_empty_space height=&#8221;20px&#8221;][vc_separator color=&#8221;custom&#8221; align=&#8221;align_left&#8221; el_width=&#8221;30&#8243; accent_color=&#8221;#0b3b5b&#8221;][\/vc_column][vc_column width=&#8221;1\/2&#8243; css=&#8221;.vc_custom_1628150815952{padding-top: &hellip; <\/p>\n","protected":false},"author":2,"featured_media":0,"parent":0,"menu_order":0,"comment_status":"closed","ping_status":"closed","template":"","meta":{"footnotes":""},"class_list":["post-1565","page","type-page","status-publish","hentry"],"yoast_head":"<!-- This site is optimized with the Yoast SEO plugin v24.7 - https:\/\/yoast.com\/wordpress\/plugins\/seo\/ -->\n<title>impressum - Pacarada Modular Building Systems<\/title>\n<meta name=\"robots\" content=\"index, follow, max-snippet:-1, max-image-preview:large, max-video-preview:-1\" \/>\n<link rel=\"canonical\" href=\"http:\/\/pacaradamodularsystems.de\/impressum\/\" \/>\n<meta property=\"og:locale\" content=\"en_US\" \/>\n<meta property=\"og:type\" content=\"article\" \/>\n<meta property=\"og:title\" content=\"impressum - Pacarada Modular Building Systems\" \/>\n<meta property=\"og:description\" content=\"[vc_row][vc_column width=&#8221;1\/2&#8243;][vc_single_image image=&#8221;75222&#8243; img_size=&#8221;&#8221; css=&#8221;&#8221; el_id=&#8221;logo-imp&#8221;][vc_empty_space height=&#8221;20px&#8221;][vc_column_text][\/vc_column_text][vc_empty_space height=&#8221;20px&#8221;][vc_separator color=&#8221;custom&#8221; align=&#8221;align_left&#8221; el_width=&#8221;30&#8243; accent_color=&#8221;#0b3b5b&#8221;][vc_empty_space height=&#8221;20px&#8221;][vc_column_text]Datenschutz[\/vc_column_text][vc_empty_space height=&#8221;20px&#8221;][vc_separator color=&#8221;custom&#8221; align=&#8221;align_left&#8221; el_width=&#8221;30&#8243; accent_color=&#8221;#0b3b5b&#8221;][\/vc_column][vc_column width=&#8221;1\/2&#8243; css=&#8221;.vc_custom_1628150815952{padding-top: &hellip;\" \/>\n<meta property=\"og:url\" content=\"http:\/\/pacaradamodularsystems.de\/impressum\/\" \/>\n<meta property=\"og:site_name\" content=\"Pacarada Modular Building Systems\" \/>\n<meta property=\"article:modified_time\" content=\"2025-03-21T12:04:19+00:00\" \/>\n<meta name=\"twitter:card\" content=\"summary_large_image\" \/>\n<meta name=\"twitter:label1\" content=\"Est. reading time\" \/>\n\t<meta name=\"twitter:data1\" content=\"1 minute\" \/>\n<script type=\"application\/ld+json\" class=\"yoast-schema-graph\">{\"@context\":\"https:\/\/schema.org\",\"@graph\":[{\"@type\":\"WebPage\",\"@id\":\"http:\/\/pacaradamodularsystems.de\/impressum\/\",\"url\":\"http:\/\/pacaradamodularsystems.de\/impressum\/\",\"name\":\"impressum - Pacarada Modular Building Systems\",\"isPartOf\":{\"@id\":\"https:\/\/pacaradamodularsystems.de\/#website\"},\"datePublished\":\"2021-08-13T07:06:50+00:00\",\"dateModified\":\"2025-03-21T12:04:19+00:00\",\"breadcrumb\":{\"@id\":\"http:\/\/pacaradamodularsystems.de\/impressum\/#breadcrumb\"},\"inLanguage\":\"en-US\",\"potentialAction\":[{\"@type\":\"ReadAction\",\"target\":[\"http:\/\/pacaradamodularsystems.de\/impressum\/\"]}]},{\"@type\":\"BreadcrumbList\",\"@id\":\"http:\/\/pacaradamodularsystems.de\/impressum\/#breadcrumb\",\"itemListElement\":[{\"@type\":\"ListItem\",\"position\":1,\"name\":\"Startseite\",\"item\":\"http:\/\/pacaradamodularsystems.de\/\"},{\"@type\":\"ListItem\",\"position\":2,\"name\":\"impressum\"}]},{\"@type\":\"WebSite\",\"@id\":\"https:\/\/pacaradamodularsystems.de\/#website\",\"url\":\"https:\/\/pacaradamodularsystems.de\/\",\"name\":\"Pacarada Modular Building Systems\",\"description\":\"Eine weitere WordPress-Website\",\"potentialAction\":[{\"@type\":\"SearchAction\",\"target\":{\"@type\":\"EntryPoint\",\"urlTemplate\":\"https:\/\/pacaradamodularsystems.de\/?s={search_term_string}\"},\"query-input\":{\"@type\":\"PropertyValueSpecification\",\"valueRequired\":true,\"valueName\":\"search_term_string\"}}],\"inLanguage\":\"en-US\"}]}<\/script>\n<!-- \/ Yoast SEO plugin. -->","yoast_head_json":{"title":"impressum - Pacarada Modular Building Systems","robots":{"index":"index","follow":"follow","max-snippet":"max-snippet:-1","max-image-preview":"max-image-preview:large","max-video-preview":"max-video-preview:-1"},"canonical":"http:\/\/pacaradamodularsystems.de\/impressum\/","og_locale":"en_US","og_type":"article","og_title":"impressum - Pacarada Modular Building Systems","og_description":"[vc_row][vc_column width=&#8221;1\/2&#8243;][vc_single_image image=&#8221;75222&#8243; img_size=&#8221;&#8221; css=&#8221;&#8221; el_id=&#8221;logo-imp&#8221;][vc_empty_space height=&#8221;20px&#8221;][vc_column_text][\/vc_column_text][vc_empty_space height=&#8221;20px&#8221;][vc_separator color=&#8221;custom&#8221; align=&#8221;align_left&#8221; el_width=&#8221;30&#8243; accent_color=&#8221;#0b3b5b&#8221;][vc_empty_space height=&#8221;20px&#8221;][vc_column_text]Datenschutz[\/vc_column_text][vc_empty_space height=&#8221;20px&#8221;][vc_separator color=&#8221;custom&#8221; align=&#8221;align_left&#8221; el_width=&#8221;30&#8243; accent_color=&#8221;#0b3b5b&#8221;][\/vc_column][vc_column width=&#8221;1\/2&#8243; css=&#8221;.vc_custom_1628150815952{padding-top: &hellip;","og_url":"http:\/\/pacaradamodularsystems.de\/impressum\/","og_site_name":"Pacarada Modular Building Systems","article_modified_time":"2025-03-21T12:04:19+00:00","twitter_card":"summary_large_image","twitter_misc":{"Est. reading time":"1 minute"},"schema":{"@context":"https:\/\/schema.org","@graph":[{"@type":"WebPage","@id":"http:\/\/pacaradamodularsystems.de\/impressum\/","url":"http:\/\/pacaradamodularsystems.de\/impressum\/","name":"impressum - Pacarada Modular Building Systems","isPartOf":{"@id":"https:\/\/pacaradamodularsystems.de\/#website"},"datePublished":"2021-08-13T07:06:50+00:00","dateModified":"2025-03-21T12:04:19+00:00","breadcrumb":{"@id":"http:\/\/pacaradamodularsystems.de\/impressum\/#breadcrumb"},"inLanguage":"en-US","potentialAction":[{"@type":"ReadAction","target":["http:\/\/pacaradamodularsystems.de\/impressum\/"]}]},{"@type":"BreadcrumbList","@id":"http:\/\/pacaradamodularsystems.de\/impressum\/#breadcrumb","itemListElement":[{"@type":"ListItem","position":1,"name":"Startseite","item":"http:\/\/pacaradamodularsystems.de\/"},{"@type":"ListItem","position":2,"name":"impressum"}]},{"@type":"WebSite","@id":"https:\/\/pacaradamodularsystems.de\/#website","url":"https:\/\/pacaradamodularsystems.de\/","name":"Pacarada Modular Building Systems","description":"Eine weitere WordPress-Website","potentialAction":[{"@type":"SearchAction","target":{"@type":"EntryPoint","urlTemplate":"https:\/\/pacaradamodularsystems.de\/?s={search_term_string}"},"query-input":{"@type":"PropertyValueSpecification","valueRequired":true,"valueName":"search_term_string"}}],"inLanguage":"en-US"}]}},"_links":{"self":[{"href":"https:\/\/pacaradamodularsystems.de\/en\/wp-json\/wp\/v2\/pages\/1565","targetHints":{"allow":["GET"]}}],"collection":[{"href":"https:\/\/pacaradamodularsystems.de\/en\/wp-json\/wp\/v2\/pages"}],"about":[{"href":"https:\/\/pacaradamodularsystems.de\/en\/wp-json\/wp\/v2\/types\/page"}],"author":[{"embeddable":true,"href":"https:\/\/pacaradamodularsystems.de\/en\/wp-json\/wp\/v2\/users\/2"}],"replies":[{"embeddable":true,"href":"https:\/\/pacaradamodularsystems.de\/en\/wp-json\/wp\/v2\/comments?post=1565"}],"version-history":[{"count":14,"href":"https:\/\/pacaradamodularsystems.de\/en\/wp-json\/wp\/v2\/pages\/1565\/revisions"}],"predecessor-version":[{"id":75228,"href":"https:\/\/pacaradamodularsystems.de\/en\/wp-json\/wp\/v2\/pages\/1565\/revisions\/75228"}],"wp:attachment":[{"href":"https:\/\/pacaradamodularsystems.de\/en\/wp-json\/wp\/v2\/media?parent=1565"}],"curies":[{"name":"wp","href":"https:\/\/api.w.org\/{rel}","templated":true}]}}